{"id":765,"date":"2021-04-24T10:43:20","date_gmt":"2021-04-24T08:43:20","guid":{"rendered":"https:\/\/www.stickone.fr\/blog2\/?page_id=765"},"modified":"2021-06-01T23:06:57","modified_gmt":"2021-06-01T21:06:57","slug":"inspiration-et-idee-decoration","status":"publish","type":"page","link":"https:\/\/www.stickone.fr\/blog2\/inspiration-et-idee-decoration\/","title":{"rendered":"Inspiration et id\u00e9e d\u00e9coration"},"content":{"rendered":"\t\t<div data-elementor-type=\"wp-page\" data-elementor-id=\"765\" class=\"elementor elementor-765\" data-elementor-settings=\"[]\">\n\t\t\t\t\t\t<div class=\"elementor-inner\">\n\t\t\t\t\t\t\t<div class=\"elementor-section-wrap\">\n\t\t\t\t\t\t\t<section class=\"elementor-section elementor-top-section elementor-element elementor-element-7f1631a elementor-section-boxed elementor-section-height-default elementor-section-height-default\" data-id=\"7f1631a\" data-element_type=\"section\">\n\t\t\t\t\t\t<div class=\"elementor-container elementor-column-gap-default\">\n\t\t\t\t\t\t\t<div class=\"elementor-row\">\n\t\t\t\t\t<div class=\"elementor-column elementor-col-100 elementor-top-column elementor-element elementor-element-25ecd0f\" data-id=\"25ecd0f\" data-element_type=\"column\">\n\t\t\t<div class=\"elementor-column-wrap elementor-element-populated\">\n\t\t\t\t\t\t\t<div class=\"elementor-widget-wrap\">\n\t\t\t\t\t\t<div class=\"elementor-element elementor-element-fbf8702 elementor-widget elementor-widget-wp-widget-text\" data-id=\"fbf8702\" data-element_type=\"widget\" data-widget_type=\"wp-widget-text.default\">\n\t\t\t\t<div class=\"elementor-widget-container\">\n\t\t\t\t\t\t<div class=\"textwidget\"><p><strong>En manque d&rsquo;inspiration ? Besoin d&rsquo;id\u00e9e pour votre d\u00e9coration d&rsquo;int\u00e9rieur ?<\/strong><\/p>\n<p>Laissez-vous plonger dans notre\u00a0 collection photos d&rsquo;inspiration d\u00e9co pour, vous aussi, d\u00e9corer votre int\u00e9rieur avec des stickers muraux et autres adh\u00e9sifs d\u00e9coratifs&#8230;<\/p>\n<\/div>\n\t\t\t\t<\/div>\n\t\t\t\t<\/div>\n\t\t\t\t\t\t<\/div>\n\t\t\t\t\t<\/div>\n\t\t<\/div>\n\t\t\t\t\t\t\t\t<\/div>\n\t\t\t\t\t<\/div>\n\t\t<\/section>\n\t\t\t\t<section class=\"elementor-section elementor-top-section elementor-element elementor-element-4075af2 elementor-section-full_width elementor-section-height-default elementor-section-height-default\" data-id=\"4075af2\" data-element_type=\"section\">\n\t\t\t\t\t\t<div class=\"elementor-container elementor-column-gap-default\">\n\t\t\t\t\t\t\t<div class=\"elementor-row\">\n\t\t\t\t\t<div class=\"elementor-column elementor-col-100 elementor-top-column elementor-element elementor-element-a4b8943\" data-id=\"a4b8943\" data-element_type=\"column\">\n\t\t\t<div class=\"elementor-column-wrap\">\n\t\t\t\t\t\t\t<div class=\"elementor-widget-wrap\">\n\t\t\t\t\t\t\t\t<\/div>\n\t\t\t\t\t<\/div>\n\t\t<\/div>\n\t\t\t\t\t\t\t\t<\/div>\n\t\t\t\t\t<\/div>\n\t\t<\/section>\n\t\t\t\t\t\t<\/div>\n\t\t\t\t\t\t<\/div>\n\t\t\t\t\t<\/div>\n\t\t","protected":false},"excerpt":{"rendered":"","protected":false},"author":1,"featured_media":0,"parent":0,"menu_order":0,"comment_status":"closed","ping_status":"closed","template":"","meta":{"footnotes":""},"class_list":["post-765","page","type-page","status-publish","hentry"],"yoast_head":"<!-- This site is optimized with the Yoast SEO plugin v18.3 - https:\/\/yoast.com\/wordpress\/plugins\/seo\/ -->\n<title>Stickers muraux : id\u00e9e et inspiration d\u00e9coration d&#039;int\u00e9rieur<\/title>\n<meta name=\"description\" content=\"Stickers muraux, adh\u00e9sifs d\u00e9coratifs... Trouvez des id\u00e9es pour d\u00e9corer votre int\u00e9rieur avec des stickers et adh\u00e9sifs d\u00e9co\" \/>\n<meta name=\"robots\" content=\"index, follow, max-snippet:-1, max-image-preview:large, max-video-preview:-1\" \/>\n<link rel=\"canonical\" href=\"https:\/\/www.stickone.fr\/blog2\/inspiration-et-idee-decoration\/\" \/>\n<meta property=\"og:locale\" content=\"fr_FR\" \/>\n<meta property=\"og:type\" content=\"article\" \/>\n<meta property=\"og:title\" content=\"Stickers muraux : id\u00e9e et inspiration d\u00e9coration d&#039;int\u00e9rieur\" \/>\n<meta property=\"og:description\" content=\"Stickers muraux, adh\u00e9sifs d\u00e9coratifs... Trouvez des id\u00e9es pour d\u00e9corer votre int\u00e9rieur avec des stickers et adh\u00e9sifs d\u00e9co\" \/>\n<meta property=\"og:url\" content=\"https:\/\/www.stickone.fr\/blog2\/inspiration-et-idee-decoration\/\" \/>\n<meta property=\"article:modified_time\" content=\"2021-06-01T21:06:57+00:00\" \/>\n<meta name=\"twitter:card\" content=\"summary_large_image\" \/>\n<meta name=\"twitter:label1\" content=\"Dur\u00e9e de lecture estim\u00e9e\" \/>\n\t<meta name=\"twitter:data1\" content=\"1 minute\" \/>\n<script type=\"application\/ld+json\" class=\"yoast-schema-graph\">{\"@context\":\"https:\/\/schema.org\",\"@graph\":[{\"@type\":\"WebSite\",\"@id\":\"https:\/\/www.stickone.fr\/blog2\/#website\",\"url\":\"https:\/\/www.stickone.fr\/blog2\/\",\"name\":\"\",\"description\":\"Pour tout savoir sur la d\u00e9coration adh\u00e9sive\",\"potentialAction\":[{\"@type\":\"SearchAction\",\"target\":{\"@type\":\"EntryPoint\",\"urlTemplate\":\"https:\/\/www.stickone.fr\/blog2\/?s={search_term_string}\"},\"query-input\":\"required name=search_term_string\"}],\"inLanguage\":\"fr-FR\"},{\"@type\":\"WebPage\",\"@id\":\"https:\/\/www.stickone.fr\/blog2\/inspiration-et-idee-decoration\/#webpage\",\"url\":\"https:\/\/www.stickone.fr\/blog2\/inspiration-et-idee-decoration\/\",\"name\":\"Stickers muraux : id\u00e9e et inspiration d\u00e9coration d'int\u00e9rieur\",\"isPartOf\":{\"@id\":\"https:\/\/www.stickone.fr\/blog2\/#website\"},\"datePublished\":\"2021-04-24T08:43:20+00:00\",\"dateModified\":\"2021-06-01T21:06:57+00:00\",\"description\":\"Stickers muraux, adh\u00e9sifs d\u00e9coratifs... Trouvez des id\u00e9es pour d\u00e9corer votre int\u00e9rieur avec des stickers et adh\u00e9sifs d\u00e9co\",\"breadcrumb\":{\"@id\":\"https:\/\/www.stickone.fr\/blog2\/inspiration-et-idee-decoration\/#breadcrumb\"},\"inLanguage\":\"fr-FR\",\"potentialAction\":[{\"@type\":\"ReadAction\",\"target\":[\"https:\/\/www.stickone.fr\/blog2\/inspiration-et-idee-decoration\/\"]}]},{\"@type\":\"BreadcrumbList\",\"@id\":\"https:\/\/www.stickone.fr\/blog2\/inspiration-et-idee-decoration\/#breadcrumb\",\"itemListElement\":[{\"@type\":\"ListItem\",\"position\":1,\"name\":\"Accueil\",\"item\":\"https:\/\/www.stickone.fr\/blog2\/\"},{\"@type\":\"ListItem\",\"position\":2,\"name\":\"Inspiration et id\u00e9e d\u00e9coration\"}]}]}<\/script>\n<!-- \/ Yoast SEO plugin. -->","yoast_head_json":{"title":"Stickers muraux : id\u00e9e et inspiration d\u00e9coration d'int\u00e9rieur","description":"Stickers muraux, adh\u00e9sifs d\u00e9coratifs... Trouvez des id\u00e9es pour d\u00e9corer votre int\u00e9rieur avec des stickers et adh\u00e9sifs d\u00e9co","robots":{"index":"index","follow":"follow","max-snippet":"max-snippet:-1","max-image-preview":"max-image-preview:large","max-video-preview":"max-video-preview:-1"},"canonical":"https:\/\/www.stickone.fr\/blog2\/inspiration-et-idee-decoration\/","og_locale":"fr_FR","og_type":"article","og_title":"Stickers muraux : id\u00e9e et inspiration d\u00e9coration d'int\u00e9rieur","og_description":"Stickers muraux, adh\u00e9sifs d\u00e9coratifs... Trouvez des id\u00e9es pour d\u00e9corer votre int\u00e9rieur avec des stickers et adh\u00e9sifs d\u00e9co","og_url":"https:\/\/www.stickone.fr\/blog2\/inspiration-et-idee-decoration\/","article_modified_time":"2021-06-01T21:06:57+00:00","twitter_card":"summary_large_image","twitter_misc":{"Dur\u00e9e de lecture estim\u00e9e":"1 minute"},"schema":{"@context":"https:\/\/schema.org","@graph":[{"@type":"WebSite","@id":"https:\/\/www.stickone.fr\/blog2\/#website","url":"https:\/\/www.stickone.fr\/blog2\/","name":"","description":"Pour tout savoir sur la d\u00e9coration adh\u00e9sive","potentialAction":[{"@type":"SearchAction","target":{"@type":"EntryPoint","urlTemplate":"https:\/\/www.stickone.fr\/blog2\/?s={search_term_string}"},"query-input":"required name=search_term_string"}],"inLanguage":"fr-FR"},{"@type":"WebPage","@id":"https:\/\/www.stickone.fr\/blog2\/inspiration-et-idee-decoration\/#webpage","url":"https:\/\/www.stickone.fr\/blog2\/inspiration-et-idee-decoration\/","name":"Stickers muraux : id\u00e9e et inspiration d\u00e9coration d'int\u00e9rieur","isPartOf":{"@id":"https:\/\/www.stickone.fr\/blog2\/#website"},"datePublished":"2021-04-24T08:43:20+00:00","dateModified":"2021-06-01T21:06:57+00:00","description":"Stickers muraux, adh\u00e9sifs d\u00e9coratifs... Trouvez des id\u00e9es pour d\u00e9corer votre int\u00e9rieur avec des stickers et adh\u00e9sifs d\u00e9co","breadcrumb":{"@id":"https:\/\/www.stickone.fr\/blog2\/inspiration-et-idee-decoration\/#breadcrumb"},"inLanguage":"fr-FR","potentialAction":[{"@type":"ReadAction","target":["https:\/\/www.stickone.fr\/blog2\/inspiration-et-idee-decoration\/"]}]},{"@type":"BreadcrumbList","@id":"https:\/\/www.stickone.fr\/blog2\/inspiration-et-idee-decoration\/#breadcrumb","itemListElement":[{"@type":"ListItem","position":1,"name":"Accueil","item":"https:\/\/www.stickone.fr\/blog2\/"},{"@type":"ListItem","position":2,"name":"Inspiration et id\u00e9e d\u00e9coration"}]}]}},"_links":{"self":[{"href":"https:\/\/www.stickone.fr\/blog2\/wp-json\/wp\/v2\/pages\/765","targetHints":{"allow":["GET"]}}],"collection":[{"href":"https:\/\/www.stickone.fr\/blog2\/wp-json\/wp\/v2\/pages"}],"about":[{"href":"https:\/\/www.stickone.fr\/blog2\/wp-json\/wp\/v2\/types\/page"}],"author":[{"embeddable":true,"href":"https:\/\/www.stickone.fr\/blog2\/wp-json\/wp\/v2\/users\/1"}],"replies":[{"embeddable":true,"href":"https:\/\/www.stickone.fr\/blog2\/wp-json\/wp\/v2\/comments?post=765"}],"version-history":[{"count":26,"href":"https:\/\/www.stickone.fr\/blog2\/wp-json\/wp\/v2\/pages\/765\/revisions"}],"predecessor-version":[{"id":902,"href":"https:\/\/www.stickone.fr\/blog2\/wp-json\/wp\/v2\/pages\/765\/revisions\/902"}],"wp:attachment":[{"href":"https:\/\/www.stickone.fr\/blog2\/wp-json\/wp\/v2\/media?parent=765"}],"curies":[{"name":"wp","href":"https:\/\/api.w.org\/{rel}","templated":true}]}}